{"id":6054,"date":"2022-12-17T12:29:48","date_gmt":"2022-12-17T10:29:48","guid":{"rendered":"https:\/\/swissdelight.qodeinteractive.com\/?page_id=6054"},"modified":"2023-01-02T05:50:50","modified_gmt":"2023-01-02T03:50:50","slug":"tortenetunk","status":"publish","type":"page","link":"https:\/\/tucsisuti.com\/index.php\/tortenetunk\/","title":{"rendered":"A t\u00f6rt\u00e9net\u00fcnk"},"content":{"rendered":"\t\t<div data-elementor-type=\"wp-page\" data-elementor-id=\"6054\" class=\"elementor elementor-6054\">\n\t\t\t\t\t\t\t\t\t<section class=\"elementor-section elementor-top-section elementor-element elementor-element-8663863 qodef-elementor-content-grid elementor-section-boxed elementor-section-height-default elementor-section-height-default\" data-id=\"8663863\" data-element_type=\"section\" data-settings=\"{&quot;background_background&quot;:&quot;classic&quot;}\">\n\t\t\t\t\t\t<div class=\"elementor-container elementor-column-gap-default\">\n\t\t\t\t\t<div class=\"elementor-column elementor-col-100 elementor-top-column elementor-element elementor-element-5742302\" data-id=\"5742302\" data-element_type=\"column\">\n\t\t\t<div class=\"elementor-widget-wrap elementor-element-populated\">\n\t\t\t\t\t\t\t\t<div class=\"elementor-element elementor-element-c943e63 elementor-widget elementor-widget-swissdelight_core_section_title\" data-id=\"c943e63\" data-element_type=\"widget\" data-widget_type=\"swissdelight_core_section_title.default\">\n\t\t\t\t<div class=\"elementor-widget-container\">\n\t\t\t<div class=\"qodef-shortcode qodef-m  qodef-section-title qodef-alignment--center  qodef-appear-animation--enabled\">\n\t\t<span class=\"qodef-m-tagline\" >\u00edgy kezd\u0151d\u00f6tt...<\/span>\n\t<h2 class=\"qodef-m-title\" >\n\t\t\tA kezdetek\t<\/h2>\n\t\t<\/div>\n\t\t<\/div>\n\t\t\t\t<\/div>\n\t\t\t\t<section class=\"elementor-section elementor-inner-section elementor-element elementor-element-95e63e1 elementor-section-boxed elementor-section-height-default elementor-section-height-default qodef-elementor-content-no\" data-id=\"95e63e1\" data-element_type=\"section\">\n\t\t\t\t\t\t<div class=\"elementor-container elementor-column-gap-default\">\n\t\t\t\t\t<div class=\"elementor-column elementor-col-50 elementor-inner-column elementor-element elementor-element-4a53ba2\" data-id=\"4a53ba2\" data-element_type=\"column\">\n\t\t\t<div class=\"elementor-widget-wrap elementor-element-populated\">\n\t\t\t\t\t\t\t\t<div class=\"elementor-element elementor-element-6bc1cb6 elementor-widget elementor-widget-text-editor\" data-id=\"6bc1cb6\" data-element_type=\"widget\" data-widget_type=\"text-editor.default\">\n\t\t\t\t<div class=\"elementor-widget-container\">\n\t\t\t<style>\/*! elementor - v3.11.2 - 22-02-2023 *\/\n.elementor-widget-text-editor.elementor-drop-cap-view-stacked .elementor-drop-cap{background-color:#818a91;color:#fff}.elementor-widget-text-editor.elementor-drop-cap-view-framed .elementor-drop-cap{color:#818a91;border:3px solid;background-color:transparent}.elementor-widget-text-editor:not(.elementor-drop-cap-view-default) .elementor-drop-cap{margin-top:8px}.elementor-widget-text-editor:not(.elementor-drop-cap-view-default) .elementor-drop-cap-letter{width:1em;height:1em}.elementor-widget-text-editor .elementor-drop-cap{float:left;text-align:center;line-height:1;font-size:50px}.elementor-widget-text-editor .elementor-drop-cap-letter{display:inline-block}<\/style>\t\t\t\t<p>Egyszer volt, hol nem volt, ha T\u00fccsit\u0151l kapok valami \u00edr\u00e1st, akkor folytatom ezt a csod\u00e1latos t\u00f6rt\u00e9netet \ud83d\ude42<\/p>\t\t\t\t\t\t<\/div>\n\t\t\t\t<\/div>\n\t\t\t\t\t<\/div>\n\t\t<\/div>\n\t\t\t\t<div class=\"elementor-column elementor-col-50 elementor-inner-column elementor-element elementor-element-f71511a\" data-id=\"f71511a\" data-element_type=\"column\">\n\t\t\t<div class=\"elementor-widget-wrap elementor-element-populated\">\n\t\t\t\t\t\t\t\t<div class=\"elementor-element elementor-element-d2b5029 elementor-widget elementor-widget-text-editor\" data-id=\"d2b5029\" data-element_type=\"widget\" data-widget_type=\"text-editor.default\">\n\t\t\t\t<div class=\"elementor-widget-container\">\n\t\t\t\t\t\t\t<p>Mert addig nem tudom befejezni a weboldalt ameddig nem kapok anyagot. A keretrendszert m\u00e9g \u00f6sze tudom rakni, (rem\u00e9lem tetszik) de t\u00f6bb anyagot m\u00e1r nem tudok \u00f6ssze oll\u00f3zni \ud83d\ude09<\/p>\t\t\t\t\t\t<\/div>\n\t\t\t\t<\/div>\n\t\t\t\t\t<\/div>\n\t\t<\/div>\n\t\t\t\t\t\t\t<\/div>\n\t\t<\/section>\n\t\t\t\t\t<\/div>\n\t\t<\/div>\n\t\t\t\t\t\t\t<\/div>\n\t\t<\/section>\n\t\t\t\t<section class=\"elementor-section elementor-top-section elementor-element elementor-element-048ea3b elementor-section-full_width elementor-section-height-default elementor-section-height-default qodef-elementor-content-no\" data-id=\"048ea3b\" data-element_type=\"section\" data-settings=\"{&quot;background_background&quot;:&quot;classic&quot;}\">\n\t\t\t\t\t\t<div class=\"elementor-container elementor-column-gap-default\">\n\t\t\t\t\t<div class=\"elementor-column elementor-col-100 elementor-top-column elementor-element elementor-element-13057fc\" data-id=\"13057fc\" data-element_type=\"column\">\n\t\t\t<div class=\"elementor-widget-wrap elementor-element-populated\">\n\t\t\t\t\t\t\t\t<section class=\"elementor-section elementor-inner-section elementor-element elementor-element-5060f2e elementor-section-boxed elementor-section-height-default elementor-section-height-default qodef-elementor-content-no\" data-id=\"5060f2e\" data-element_type=\"section\">\n\t\t\t\t\t\t<div class=\"elementor-container elementor-column-gap-default\">\n\t\t\t\t\t<div class=\"elementor-column elementor-col-100 elementor-inner-column elementor-element elementor-element-80c7480\" data-id=\"80c7480\" data-element_type=\"column\">\n\t\t\t<div class=\"elementor-widget-wrap elementor-element-populated\">\n\t\t\t\t\t\t\t\t<div class=\"elementor-element elementor-element-8aba7d0 elementor-widget elementor-widget-text-editor\" data-id=\"8aba7d0\" data-element_type=\"widget\" data-widget_type=\"text-editor.default\">\n\t\t\t\t<div class=\"elementor-widget-container\">\n\t\t\t\t\t\t\t<h6 style=\"text-align: center;\"><em>T\u00fccsi<\/em><\/h6>\t\t\t\t\t\t<\/div>\n\t\t\t\t<\/div>\n\t\t\t\t\t<\/div>\n\t\t<\/div>\n\t\t\t\t\t\t\t<\/div>\n\t\t<\/section>\n\t\t\t\t<section class=\"elementor-section elementor-inner-section elementor-element elementor-element-44098b0 elementor-section-full_width elementor-section-height-default elementor-section-height-default qodef-elementor-content-no\" data-id=\"44098b0\" data-element_type=\"section\">\n\t\t\t\t\t\t<div class=\"elementor-container elementor-column-gap-default\">\n\t\t\t\t\t<div class=\"elementor-column elementor-col-50 elementor-inner-column elementor-element elementor-element-44b250f\" data-id=\"44b250f\" data-element_type=\"column\">\n\t\t\t<div class=\"elementor-widget-wrap\">\n\t\t\t\t\t\t\t\t\t<\/div>\n\t\t<\/div>\n\t\t\t\t<div class=\"elementor-column elementor-col-50 elementor-inner-column elementor-element elementor-element-f48d87e\" data-id=\"f48d87e\" data-element_type=\"column\">\n\t\t\t<div class=\"elementor-widget-wrap\">\n\t\t\t\t\t\t\t\t\t<\/div>\n\t\t<\/div>\n\t\t\t\t\t\t\t<\/div>\n\t\t<\/section>\n\t\t\t\t<div class=\"elementor-element elementor-element-da344d9 elementor-widget elementor-widget-swissdelight_core_workflow\" data-id=\"da344d9\" data-element_type=\"widget\" data-widget_type=\"swissdelight_core_workflow.default\">\n\t\t\t\t<div class=\"elementor-widget-container\">\n\t\t\t<div class=\"qodef-shortcode qodef-m  qodef-workflow qodef-workflow-animate\">\r\n\t<span class=\"main-line\" ><\/span>\r\n\r\n            <div class=\"qodef-workflow-item\">\r\n            <span class=\"line\"><\/span>\r\n\t\t                <div class=\"qodef-workflow-item-inner  reverse\">\r\n                                <div class=\"qodef-workflow-text\">\r\n                    <span class=\"qodef-year\">\r\n                    2015                <\/span>\r\n                                            <span class=\"qodef-m-caption\">A T\u00fccsi-s\u00fcti cukr\u00e1szda<\/span>\r\n                                                                <h3 class=\"qodef-m-title\">Elkezd\u0151d\u00f6tt...<\/h3>\r\n                                        <p class=\"qodef-m-text\" style=\"padding: 0 30% 0 0\">Ide fogjuk le\u00edrni azt, amit T\u00fccsi k\u00fcld nekem, hogy pattant ki a fej\u00e9b\u0151l a cukr\u00e1szda \u00f6tlete... \ud83d\ude00<\/p>\r\n\r\n                <\/div>\r\n                <div class=\"qodef-workflow-image\">\r\n                    <div class=\"qodef-workflow-image-inner\">\r\n                        <img loading=\"lazy\" decoding=\"async\" width=\"797\" height=\"530\" src=\"https:\/\/tucsisuti.com\/wp-content\/uploads\/2021\/02\/history-img-1.png\" class=\"attachment-full size-full\" alt=\"n\" srcset=\"https:\/\/tucsisuti.com\/wp-content\/uploads\/2021\/02\/history-img-1.png 797w, https:\/\/tucsisuti.com\/wp-content\/uploads\/2021\/02\/history-img-1-600x399.png 600w, https:\/\/tucsisuti.com\/wp-content\/uploads\/2021\/02\/history-img-1-300x199.png 300w, https:\/\/tucsisuti.com\/wp-content\/uploads\/2021\/02\/history-img-1-768x511.png 768w\" sizes=\"auto, (max-width: 797px) 100vw, 797px\" \/>                    <\/div>\r\n                <\/div>\r\n            <\/div>\r\n        <\/div>\r\n            <div class=\"qodef-workflow-item\">\r\n            <span class=\"line\"><\/span>\r\n\t\t                <div class=\"qodef-workflow-item-inner \">\r\n                                <div class=\"qodef-workflow-text\">\r\n                    <span class=\"qodef-year\">\r\n                    2017                <\/span>\r\n                                            <span class=\"qodef-m-caption\">ekkor t\u00f6rt\u00e9nt<\/span>\r\n                                                                <h3 class=\"qodef-m-title\">Valami...<\/h3>\r\n                                        <p class=\"qodef-m-text\" style=\"padding: 0 0% 0 30%\">ez itt egy csod\u00e1latos t\u00f6rt\u00e9net helye \ud83d\ude09\nA d\u00e1tum v\u00e1ltoztathat\u00f3, \u00e1t\u00edrhat\u00f3, nem kell felt\u00e9tlen\u00fcl egy 2017-es t\u00f6rt\u00e9netet \u00edrni, lehet 2018 vagy 2016-os is \ud83d\ude00<\/p>\r\n\r\n                <\/div>\r\n                <div class=\"qodef-workflow-image\">\r\n                    <div class=\"qodef-workflow-image-inner\">\r\n                        <img loading=\"lazy\" decoding=\"async\" width=\"870\" height=\"850\" src=\"https:\/\/tucsisuti.com\/wp-content\/uploads\/2021\/02\/history-img-2.png\" class=\"attachment-full size-full\" alt=\"g\" srcset=\"https:\/\/tucsisuti.com\/wp-content\/uploads\/2021\/02\/history-img-2.png 870w, https:\/\/tucsisuti.com\/wp-content\/uploads\/2021\/02\/history-img-2-600x586.png 600w, https:\/\/tucsisuti.com\/wp-content\/uploads\/2021\/02\/history-img-2-300x293.png 300w, https:\/\/tucsisuti.com\/wp-content\/uploads\/2021\/02\/history-img-2-768x750.png 768w\" sizes=\"auto, (max-width: 870px) 100vw, 870px\" \/>                    <\/div>\r\n                <\/div>\r\n            <\/div>\r\n        <\/div>\r\n            <div class=\"qodef-workflow-item\">\r\n            <span class=\"line\"><\/span>\r\n\t\t                <div class=\"qodef-workflow-item-inner  reverse\">\r\n                                <div class=\"qodef-workflow-text\">\r\n                    <span class=\"qodef-year\">\r\n                    2021                <\/span>\r\n                                            <span class=\"qodef-m-caption\">napjaink<\/span>\r\n                                                                <h3 class=\"qodef-m-title\">valami 2.0<\/h3>\r\n                                        <p class=\"qodef-m-text\" style=\"padding: 0 30% 0 0%\">ez is egy m\u00e9rf\u00f6ldk\u0151 a cukr\u00e1szda \u00e9let\u00e9ben. Majd T\u00fccsi ezt is elmes\u00e9li, hogy mi\u00e9rt is pontosan \ud83d\ude42 \nRem\u00e9lem fot\u00f3kat is kapok ehhez a id\u0151rendi t\u00e1j\u00e9koztat\u00f3hoz<\/p>\r\n\r\n                <\/div>\r\n                <div class=\"qodef-workflow-image\">\r\n                    <div class=\"qodef-workflow-image-inner\">\r\n                        <img loading=\"lazy\" decoding=\"async\" width=\"800\" height=\"534\" src=\"https:\/\/tucsisuti.com\/wp-content\/uploads\/2021\/03\/history-img-3.jpg\" class=\"attachment-full size-full\" alt=\"s\" srcset=\"https:\/\/tucsisuti.com\/wp-content\/uploads\/2021\/03\/history-img-3.jpg 800w, https:\/\/tucsisuti.com\/wp-content\/uploads\/2021\/03\/history-img-3-600x401.jpg 600w, https:\/\/tucsisuti.com\/wp-content\/uploads\/2021\/03\/history-img-3-300x200.jpg 300w, https:\/\/tucsisuti.com\/wp-content\/uploads\/2021\/03\/history-img-3-768x513.jpg 768w\" sizes=\"auto, (max-width: 800px) 100vw, 800px\" \/>                    <\/div>\r\n                <\/div>\r\n            <\/div>\r\n        <\/div>\r\n    <\/div>\r\n\t\t<\/div>\n\t\t\t\t<\/div>\n\t\t\t\t\t<\/div>\n\t\t<\/div>\n\t\t\t\t\t\t\t<\/div>\n\t\t<\/section>\n\t\t\t\t<section class=\"elementor-section elementor-top-section elementor-element elementor-element-19a683e elementor-section-full_width elementor-section-height-default elementor-section-height-default qodef-elementor-content-no\" data-id=\"19a683e\" data-element_type=\"section\" data-settings=\"{&quot;background_background&quot;:&quot;classic&quot;}\">\n\t\t\t\t\t\t<div class=\"elementor-container elementor-column-gap-default\">\n\t\t\t\t\t<div class=\"elementor-column elementor-col-100 elementor-top-column elementor-element elementor-element-4813ff8\" data-id=\"4813ff8\" data-element_type=\"column\">\n\t\t\t<div class=\"elementor-widget-wrap elementor-element-populated\">\n\t\t\t\t\t\t\t\t<div class=\"elementor-element elementor-element-b37b2bc elementor-widget__width-initial elementor-widget-tablet__width-initial elementor-widget-mobile__width-initial elementor-widget elementor-widget-swissdelight_core_section_title\" data-id=\"b37b2bc\" data-element_type=\"widget\" data-widget_type=\"swissdelight_core_section_title.default\">\n\t\t\t\t<div class=\"elementor-widget-container\">\n\t\t\t<div class=\"qodef-shortcode qodef-m  qodef-section-title qodef-alignment--center  qodef-appear-animation--enabled\">\n\t\t<span class=\"qodef-m-tagline\" >2022<\/span>\n\t<h2 class=\"qodef-m-title\" >\n\t\t\tA munk\u00e1nk <span class=\"qodef-subtitle-wrapper\">gy\u00fcm\u00f6lcsei<span class=\"qodef-m-subtitle\" style=\"color: #DFBB8166\">sweets<\/span><\/span>\t<\/h2>\n\t\t<p class=\"qodef-m-text\" >Term\u00e9keinkb\u0151l egy kis \u00edzel\u00edt\u0151. Minden s\u00fctit a legnagyobb szeretettel k\u00e9sz\u00edtj\u00fck, hogy egy nagy mosolyt var\u00e1zsoljunk az arcokra. Legyen \u00d6n is a vend\u00e9g\u00fcnk!<\/p>\n\t<\/div>\n\t\t<\/div>\n\t\t\t\t<\/div>\n\t\t\t\t<div class=\"elementor-element elementor-element-5a23c74 elementor-widget elementor-widget-swissdelight_core_image_gallery\" data-id=\"5a23c74\" data-element_type=\"widget\" data-widget_type=\"swissdelight_core_image_gallery.default\">\n\t\t\t\t<div class=\"elementor-widget-container\">\n\t\t\t<div class=\"qodef-shortcode qodef-m  qodef-image-gallery     qodef-image-shadow qodef-grid qodef-swiper-container  qodef-gutter--no qodef-col-num--4  qodef-responsive--predefined\" data-options=\"{&quot;slidesPerView&quot;:&quot;4&quot;,&quot;spaceBetween&quot;:0,&quot;loop&quot;:true,&quot;autoplay&quot;:true,&quot;speed&quot;:&quot;&quot;,&quot;speedAnimation&quot;:&quot;&quot;,&quot;centeredSlides&quot;:false}\" style=\"transition-delay: 0ms\">\n\t<div class=\"swiper-wrapper\">\n\t\t<div class=\"qodef-e qodef-image-wrapper swiper-slide\">\n\t\t\t<img loading=\"lazy\" decoding=\"async\" width=\"600\" height=\"600\" src=\"https:\/\/tucsisuti.com\/wp-content\/uploads\/2021\/03\/history-gallery-img-1.jpg\" class=\"attachment-full size-full\" alt=\"d\" srcset=\"https:\/\/tucsisuti.com\/wp-content\/uploads\/2021\/03\/history-gallery-img-1.jpg 600w, https:\/\/tucsisuti.com\/wp-content\/uploads\/2021\/03\/history-gallery-img-1-300x300.jpg 300w, https:\/\/tucsisuti.com\/wp-content\/uploads\/2021\/03\/history-gallery-img-1-100x100.jpg 100w, https:\/\/tucsisuti.com\/wp-content\/uploads\/2021\/03\/history-gallery-img-1-150x150.jpg 150w\" sizes=\"auto, (max-width: 600px) 100vw, 600px\" \/>\t<\/div>\n<div class=\"qodef-e qodef-image-wrapper swiper-slide\">\n\t\t\t<img loading=\"lazy\" decoding=\"async\" width=\"600\" height=\"600\" src=\"https:\/\/tucsisuti.com\/wp-content\/uploads\/2021\/03\/history-gallery-img-2.jpg\" class=\"attachment-full size-full\" alt=\"d\" srcset=\"https:\/\/tucsisuti.com\/wp-content\/uploads\/2021\/03\/history-gallery-img-2.jpg 600w, https:\/\/tucsisuti.com\/wp-content\/uploads\/2021\/03\/history-gallery-img-2-300x300.jpg 300w, https:\/\/tucsisuti.com\/wp-content\/uploads\/2021\/03\/history-gallery-img-2-100x100.jpg 100w, https:\/\/tucsisuti.com\/wp-content\/uploads\/2021\/03\/history-gallery-img-2-150x150.jpg 150w\" sizes=\"auto, (max-width: 600px) 100vw, 600px\" \/>\t<\/div>\n<div class=\"qodef-e qodef-image-wrapper swiper-slide\">\n\t\t\t<img loading=\"lazy\" decoding=\"async\" width=\"600\" height=\"600\" src=\"https:\/\/tucsisuti.com\/wp-content\/uploads\/2021\/03\/history-gallery-img-3.jpg\" class=\"attachment-full size-full\" alt=\"d\" srcset=\"https:\/\/tucsisuti.com\/wp-content\/uploads\/2021\/03\/history-gallery-img-3.jpg 600w, https:\/\/tucsisuti.com\/wp-content\/uploads\/2021\/03\/history-gallery-img-3-300x300.jpg 300w, https:\/\/tucsisuti.com\/wp-content\/uploads\/2021\/03\/history-gallery-img-3-100x100.jpg 100w, https:\/\/tucsisuti.com\/wp-content\/uploads\/2021\/03\/history-gallery-img-3-150x150.jpg 150w\" sizes=\"auto, (max-width: 600px) 100vw, 600px\" \/>\t<\/div>\n<div class=\"qodef-e qodef-image-wrapper swiper-slide\">\n\t\t\t<img loading=\"lazy\" decoding=\"async\" width=\"600\" height=\"600\" src=\"https:\/\/tucsisuti.com\/wp-content\/uploads\/2021\/03\/history-gallery-img-4.jpg\" class=\"attachment-full size-full\" alt=\"d\" srcset=\"https:\/\/tucsisuti.com\/wp-content\/uploads\/2021\/03\/history-gallery-img-4.jpg 600w, https:\/\/tucsisuti.com\/wp-content\/uploads\/2021\/03\/history-gallery-img-4-300x300.jpg 300w, https:\/\/tucsisuti.com\/wp-content\/uploads\/2021\/03\/history-gallery-img-4-100x100.jpg 100w, https:\/\/tucsisuti.com\/wp-content\/uploads\/2021\/03\/history-gallery-img-4-150x150.jpg 150w\" sizes=\"auto, (max-width: 600px) 100vw, 600px\" \/>\t<\/div>\n<div class=\"qodef-e qodef-image-wrapper swiper-slide\">\n\t\t\t<img loading=\"lazy\" decoding=\"async\" width=\"600\" height=\"600\" src=\"https:\/\/tucsisuti.com\/wp-content\/uploads\/2021\/03\/history-gallery-img-5.jpg\" class=\"attachment-full size-full\" alt=\"d\" srcset=\"https:\/\/tucsisuti.com\/wp-content\/uploads\/2021\/03\/history-gallery-img-5.jpg 600w, https:\/\/tucsisuti.com\/wp-content\/uploads\/2021\/03\/history-gallery-img-5-300x300.jpg 300w, https:\/\/tucsisuti.com\/wp-content\/uploads\/2021\/03\/history-gallery-img-5-100x100.jpg 100w, https:\/\/tucsisuti.com\/wp-content\/uploads\/2021\/03\/history-gallery-img-5-150x150.jpg 150w\" sizes=\"auto, (max-width: 600px) 100vw, 600px\" \/>\t<\/div>\n\t<\/div>\n\t\t<\/div>\n\t\t<\/div>\n\t\t\t\t<\/div>\n\t\t\t\t\t<\/div>\n\t\t<\/div>\n\t\t\t\t\t\t\t<\/div>\n\t\t<\/section>\n\t\t\t\t<section class=\"elementor-section elementor-top-section elementor-element elementor-element-80ed468 qodef-elementor-content-grid elementor-section-boxed elementor-section-height-default elementor-section-height-default\" data-id=\"80ed468\" data-element_type=\"section\" data-settings=\"{&quot;background_background&quot;:&quot;classic&quot;}\">\n\t\t\t\t\t\t<div class=\"elementor-container elementor-column-gap-default\">\n\t\t\t\t\t<div class=\"elementor-column elementor-col-33 elementor-top-column elementor-element elementor-element-1320085\" data-id=\"1320085\" data-element_type=\"column\">\n\t\t\t<div class=\"elementor-widget-wrap elementor-element-populated\">\n\t\t\t\t\t\t\t\t<div class=\"elementor-element elementor-element-fca4a6d elementor-widget__width-auto elementor-widget elementor-widget-swissdelight_core_icon_with_text\" data-id=\"fca4a6d\" data-element_type=\"widget\" data-widget_type=\"swissdelight_core_icon_with_text.default\">\n\t\t\t\t<div class=\"elementor-widget-container\">\n\t\t\t<div class=\"qodef-shortcode qodef-m  qodef-icon-with-text qodef-layout--before-title qodef--custom-icon\">\n\t<div class=\"qodef-m-content\">\n\t\t\t<h6 class=\"qodef-m-title\" >\n\t\t\t\t\t<span class=\"qodef-m-title-inner\">\n\t\t\t\t<span class=\"qodef-m-icon-wrapper\">\n\t\t\t\t\t<img loading=\"lazy\" decoding=\"async\" width=\"65\" height=\"65\" src=\"https:\/\/tucsisuti.com\/wp-content\/uploads\/2023\/01\/output-onlinepngtools-2.png\" class=\"attachment-full size-full\" alt=\"\" \/>\t\t\t\t<\/span>\n\t\t\t\t<span class=\"qodef-m-title-text\">\n\t\t\t\t\t+36 70 625 6210 \t\t\t\t<\/span>\n\t\t\t<\/span>\n\t\t\t<\/h6>\n\t\t\t<\/div>\n<\/div>\n\t\t<\/div>\n\t\t\t\t<\/div>\n\t\t\t\t\t<\/div>\n\t\t<\/div>\n\t\t\t\t<div class=\"elementor-column elementor-col-33 elementor-top-column elementor-element elementor-element-03f2f9d\" data-id=\"03f2f9d\" data-element_type=\"column\">\n\t\t\t<div class=\"elementor-widget-wrap elementor-element-populated\">\n\t\t\t\t\t\t\t\t<div class=\"elementor-element elementor-element-2d9d55a elementor-widget__width-auto elementor-widget elementor-widget-swissdelight_core_icon_with_text\" data-id=\"2d9d55a\" data-element_type=\"widget\" data-widget_type=\"swissdelight_core_icon_with_text.default\">\n\t\t\t\t<div class=\"elementor-widget-container\">\n\t\t\t<div class=\"qodef-shortcode qodef-m  qodef-icon-with-text qodef-layout--before-title qodef--custom-icon\">\n\t<div class=\"qodef-m-content\">\n\t\t\t<h6 class=\"qodef-m-title\" >\n\t\t\t\t\t<span class=\"qodef-m-title-inner\">\n\t\t\t\t<span class=\"qodef-m-icon-wrapper\">\n\t\t\t\t\t<img loading=\"lazy\" decoding=\"async\" width=\"65\" height=\"65\" src=\"https:\/\/tucsisuti.com\/wp-content\/uploads\/2023\/01\/output-onlinepngtools.png\" class=\"attachment-full size-full\" alt=\"\" \/>\t\t\t\t<\/span>\n\t\t\t\t<span class=\"qodef-m-title-text\">\n\t\t\t\t\ttucsisutikft@gmail.com\t\t\t\t<\/span>\n\t\t\t<\/span>\n\t\t\t<\/h6>\n\t\t\t<\/div>\n<\/div>\n\t\t<\/div>\n\t\t\t\t<\/div>\n\t\t\t\t\t<\/div>\n\t\t<\/div>\n\t\t\t\t<div class=\"elementor-column elementor-col-33 elementor-top-column elementor-element elementor-element-3846142\" data-id=\"3846142\" data-element_type=\"column\">\n\t\t\t<div class=\"elementor-widget-wrap elementor-element-populated\">\n\t\t\t\t\t\t\t\t<div class=\"elementor-element elementor-element-9efd091 elementor-widget__width-auto elementor-widget elementor-widget-swissdelight_core_icon_with_text\" data-id=\"9efd091\" data-element_type=\"widget\" data-widget_type=\"swissdelight_core_icon_with_text.default\">\n\t\t\t\t<div class=\"elementor-widget-container\">\n\t\t\t<div class=\"qodef-shortcode qodef-m  qodef-icon-with-text qodef-layout--before-title qodef--custom-icon\">\n\t<div class=\"qodef-m-content\">\n\t\t\t<h6 class=\"qodef-m-title\" >\n\t\t\t\t\t<a itemprop=\"url\" href=\"https:\/\/www.google.com\/maps\/place\/T\u00fccsi-s\u00fcti+cukr\u00e1szda\/@47.4323616,18.9139848,17z\/data=!3m1!4b1!4m5!3m4!1s0x4741e0426faef21b:0xf192932da47ed485!8m2!3d47.432367!4d18.9139616\" target=\"_self\">\n\t\t\t\t\t<span class=\"qodef-m-title-inner\">\n\t\t\t\t<span class=\"qodef-m-icon-wrapper\">\n\t\t\t\t\t<img loading=\"lazy\" decoding=\"async\" width=\"65\" height=\"65\" src=\"https:\/\/tucsisuti.com\/wp-content\/uploads\/2023\/01\/output-onlinepngtools-1.png\" class=\"attachment-full size-full\" alt=\"\" \/>\t\t\t\t<\/span>\n\t\t\t\t<span class=\"qodef-m-title-text\">\n\t\t\t\t\tBaross G\u00e1bor Utca 1.\t\t\t\t<\/span>\n\t\t\t<\/span>\n\t\t\t\t\t<\/a>\n\t\t\t<\/h6>\n\t\t\t<\/div>\n<\/div>\n\t\t<\/div>\n\t\t\t\t<\/div>\n\t\t\t\t\t<\/div>\n\t\t<\/div>\n\t\t\t\t\t\t\t<\/div>\n\t\t<\/section>\n\t\t\t\t\t\t\t<\/div>\n\t\t","protected":false},"excerpt":{"rendered":"<p>\u00edgy kezd\u0151d\u00f6tt&#8230; A kezdetek Egyszer volt, hol nem volt, ha T\u00fccsit\u0151l kapok valami \u00edr\u00e1st, akkor folytatom ezt a csod\u00e1latos t\u00f6rt\u00e9netet \ud83d\ude42 Mert addig nem tudom befejezni a weboldalt ameddig nem kapok anyagot. A keretrendszert m\u00e9g \u00f6sze tudom rakni, (rem\u00e9lem tetszik) de t\u00f6bb anyagot m\u00e1r nem tudok \u00f6ssze oll\u00f3zni \ud83d\ude09 T\u00fccsi 2015 A T\u00fccsi-s\u00fcti cukr\u00e1szda Elkezd\u0151d\u00f6tt&#8230; [&hellip;]<\/p>\n","protected":false},"author":1,"featured_media":0,"parent":0,"menu_order":0,"comment_status":"closed","ping_status":"closed","template":"","meta":{"footnotes":""},"class_list":["post-6054","page","type-page","status-publish","hentry"],"_links":{"self":[{"href":"https:\/\/tucsisuti.com\/index.php\/wp-json\/wp\/v2\/pages\/6054","targetHints":{"allow":["GET"]}}],"collection":[{"href":"https:\/\/tucsisuti.com\/index.php\/wp-json\/wp\/v2\/pages"}],"about":[{"href":"https:\/\/tucsisuti.com\/index.php\/wp-json\/wp\/v2\/types\/page"}],"author":[{"embeddable":true,"href":"https:\/\/tucsisuti.com\/index.php\/wp-json\/wp\/v2\/users\/1"}],"replies":[{"embeddable":true,"href":"https:\/\/tucsisuti.com\/index.php\/wp-json\/wp\/v2\/comments?post=6054"}],"version-history":[{"count":71,"href":"https:\/\/tucsisuti.com\/index.php\/wp-json\/wp\/v2\/pages\/6054\/revisions"}],"predecessor-version":[{"id":12658,"href":"https:\/\/tucsisuti.com\/index.php\/wp-json\/wp\/v2\/pages\/6054\/revisions\/12658"}],"wp:attachment":[{"href":"https:\/\/tucsisuti.com\/index.php\/wp-json\/wp\/v2\/media?parent=6054"}],"curies":[{"name":"wp","href":"https:\/\/api.w.org\/{rel}","templated":true}]}}