{"id":4308,"date":"2021-02-09T16:24:23","date_gmt":"2021-02-09T16:24:23","guid":{"rendered":"https:\/\/swissdelight.qodeinteractive.com\/?page_id=4308"},"modified":"2023-01-01T19:26:46","modified_gmt":"2023-01-01T17:26:46","slug":"horizontal-showcase","status":"publish","type":"page","link":"https:\/\/tucsisuti.com\/","title":{"rendered":"Horizontal Showcase"},"content":{"rendered":"\t\t<div data-elementor-type=\"wp-page\" data-elementor-id=\"4308\" class=\"elementor elementor-4308\">\n\t\t\t\t\t\t\t\t\t<section class=\"elementor-section elementor-top-section elementor-element elementor-element-140c807 elementor-section-full_width elementor-section-height-default elementor-section-height-default qodef-elementor-content-no\" data-id=\"140c807\" data-element_type=\"section\">\n\t\t\t\t\t\t<div class=\"elementor-container elementor-column-gap-default\">\n\t\t\t\t\t<div class=\"elementor-column elementor-col-100 elementor-top-column elementor-element elementor-element-19d95b1\" data-id=\"19d95b1\" data-element_type=\"column\">\n\t\t\t<div class=\"elementor-widget-wrap elementor-element-populated\">\n\t\t\t\t\t\t\t\t<div class=\"elementor-element elementor-element-3c16986 elementor-widget elementor-widget-swissdelight_core_portfolio_slider_horizontal\" data-id=\"3c16986\" data-element_type=\"widget\" data-widget_type=\"swissdelight_core_portfolio_slider_horizontal.default\">\n\t\t\t\t<div class=\"elementor-widget-container\">\n\t\t\t<div class=\"qodef-portfolio-slider-horizontal\">\n\t<div class=\"qodef-shortcode qodef-m  qodef-swiper-container qodef-item-layout--info-bottom-left qodef-grid qodef-layout--portfolio-slider-horizontal  qodef-gutter--normal qodef-col-num--3 qodef-item-layout--info-bottom-left qodef-responsive--predefined\" data-options=\"{&quot;slidesPerView&quot;:3,&quot;spaceBetween&quot;:30,&quot;loop&quot;:true,&quot;autoplay&quot;:true,&quot;speed&quot;:&quot;200000&quot;,&quot;speedAnimation&quot;:&quot;900&quot;,&quot;centeredSlides&quot;:true}\">\n\t\t<div class=\"swiper-wrapper\">\n\t\t\t<article class=\"qodef-e qodef-grid-item swiper-slide\" data-index=\"4302\">\n\t<div class=\"qodef-e-inner\">\n\t\t<div class=\"qodef-e-image\">\n\t\t\t\t\t\t<div class=\"qodef-e-media-image\">\n\t\t\t\t<a itemprop=\"url\" href=\"https:\/\/tucsisuti.com\/index.php\/portfolio-item\/sutik\/\">\n\t\t\t\t\t<img loading=\"lazy\" decoding=\"async\" width=\"558\" height=\"864\" src=\"https:\/\/tucsisuti.com\/wp-content\/uploads\/2021\/02\/130785441_5080569098649769_7486903830510528451_n.jpg\" class=\"attachment-full size-full wp-post-image\" alt=\"\" srcset=\"https:\/\/tucsisuti.com\/wp-content\/uploads\/2021\/02\/130785441_5080569098649769_7486903830510528451_n.jpg 558w, https:\/\/tucsisuti.com\/wp-content\/uploads\/2021\/02\/130785441_5080569098649769_7486903830510528451_n-194x300.jpg 194w\" sizes=\"auto, (max-width: 558px) 100vw, 558px\" \/>\t\t\t\t<\/a>\n\t\t\t<\/div>\n\t\t\t\t\t\t<div class=\"qodef-e-content\">\n\t\t\t\t<h5 itemprop=\"name\" class=\"qodef-e-title entry-title\">\n\t\t\t\t\t<a itemprop=\"url\" class=\"qodef-e-title-link\" href=\"https:\/\/tucsisuti.com\/index.php\/portfolio-item\/sutik\/\">\n\t\t\t\t\t\tS\u00fctik\t\t\t\t\t<\/a>\n\t\t\t\t<\/h5>\n\t\t\t\t\t<div class=\"qodef-e qodef-info--category\">\n\t\t<a href=\"https:\/\/tucsisuti.com\/index.php\/portfolio-category\/termekeink\/\" rel=\"tag\">term\u00e9keink<\/a>\t\t<div class=\"qodef-info-separator-end\"><\/div>\n\t<\/div>\n\t\t\t<\/div>\n\t\t<\/div>\n\t<\/div>\n<\/article><article class=\"qodef-e qodef-grid-item swiper-slide\" data-index=\"4306\">\n\t<div class=\"qodef-e-inner\">\n\t\t<div class=\"qodef-e-image\">\n\t\t\t\t\t\t<div class=\"qodef-e-media-image\">\n\t\t\t\t<a itemprop=\"url\" href=\"https:\/\/tucsisuti.com\/index.php\/portfolio-item\/pogacsak\/\">\n\t\t\t\t\t<img loading=\"lazy\" decoding=\"async\" width=\"738\" height=\"1296\" src=\"https:\/\/tucsisuti.com\/wp-content\/uploads\/2021\/02\/pogi.jpg\" class=\"attachment-full size-full wp-post-image\" alt=\"\" srcset=\"https:\/\/tucsisuti.com\/wp-content\/uploads\/2021\/02\/pogi.jpg 738w, https:\/\/tucsisuti.com\/wp-content\/uploads\/2021\/02\/pogi-171x300.jpg 171w, https:\/\/tucsisuti.com\/wp-content\/uploads\/2021\/02\/pogi-583x1024.jpg 583w, https:\/\/tucsisuti.com\/wp-content\/uploads\/2021\/02\/pogi-600x1054.jpg 600w\" sizes=\"auto, (max-width: 738px) 100vw, 738px\" \/>\t\t\t\t<\/a>\n\t\t\t<\/div>\n\t\t\t\t\t\t<div class=\"qodef-e-content\">\n\t\t\t\t<h5 itemprop=\"name\" class=\"qodef-e-title entry-title\">\n\t\t\t\t\t<a itemprop=\"url\" class=\"qodef-e-title-link\" href=\"https:\/\/tucsisuti.com\/index.php\/portfolio-item\/pogacsak\/\">\n\t\t\t\t\t\tPog\u00e1cs\u00e1k\t\t\t\t\t<\/a>\n\t\t\t\t<\/h5>\n\t\t\t\t\t<div class=\"qodef-e qodef-info--category\">\n\t\t<a href=\"https:\/\/tucsisuti.com\/index.php\/portfolio-category\/termekeink\/\" rel=\"tag\">term\u00e9keink<\/a>\t\t<div class=\"qodef-info-separator-end\"><\/div>\n\t<\/div>\n\t\t\t<\/div>\n\t\t<\/div>\n\t<\/div>\n<\/article><article class=\"qodef-e qodef-grid-item swiper-slide\" data-index=\"4307\">\n\t<div class=\"qodef-e-inner\">\n\t\t<div class=\"qodef-e-image\">\n\t\t\t\t\t\t<div class=\"qodef-e-media-image\">\n\t\t\t\t<a itemprop=\"url\" href=\"https:\/\/tucsisuti.com\/index.php\/portfolio-item\/unnepi\/\">\n\t\t\t\t\t<img loading=\"lazy\" decoding=\"async\" width=\"738\" height=\"966\" src=\"https:\/\/tucsisuti.com\/wp-content\/uploads\/2021\/02\/47578701_2582688758437828_6553578987946246144_n.jpg\" class=\"attachment-full size-full wp-post-image\" alt=\"\" srcset=\"https:\/\/tucsisuti.com\/wp-content\/uploads\/2021\/02\/47578701_2582688758437828_6553578987946246144_n.jpg 738w, https:\/\/tucsisuti.com\/wp-content\/uploads\/2021\/02\/47578701_2582688758437828_6553578987946246144_n-229x300.jpg 229w, https:\/\/tucsisuti.com\/wp-content\/uploads\/2021\/02\/47578701_2582688758437828_6553578987946246144_n-600x785.jpg 600w\" sizes=\"auto, (max-width: 738px) 100vw, 738px\" \/>\t\t\t\t<\/a>\n\t\t\t<\/div>\n\t\t\t\t\t\t<div class=\"qodef-e-content\">\n\t\t\t\t<h5 itemprop=\"name\" class=\"qodef-e-title entry-title\">\n\t\t\t\t\t<a itemprop=\"url\" class=\"qodef-e-title-link\" href=\"https:\/\/tucsisuti.com\/index.php\/portfolio-item\/unnepi\/\">\n\t\t\t\t\t\t\u00dcnnepi\t\t\t\t\t<\/a>\n\t\t\t\t<\/h5>\n\t\t\t\t\t<div class=\"qodef-e qodef-info--category\">\n\t\t<a href=\"https:\/\/tucsisuti.com\/index.php\/portfolio-category\/termekeink\/\" rel=\"tag\">term\u00e9keink<\/a>\t\t<div class=\"qodef-info-separator-end\"><\/div>\n\t<\/div>\n\t\t\t<\/div>\n\t\t<\/div>\n\t<\/div>\n<\/article><article class=\"qodef-e qodef-grid-item swiper-slide\" data-index=\"6303\">\n\t<div class=\"qodef-e-inner\">\n\t\t<div class=\"qodef-e-image\">\n\t\t\t\t\t\t<div class=\"qodef-e-media-image\">\n\t\t\t\t<a itemprop=\"url\" href=\"https:\/\/tucsisuti.com\/index.php\/portfolio-item\/eskuvoi\/\">\n\t\t\t\t\t<img loading=\"lazy\" decoding=\"async\" width=\"564\" height=\"846\" src=\"https:\/\/tucsisuti.com\/wp-content\/uploads\/2022\/12\/eskuvoi.jpg\" class=\"attachment-full size-full wp-post-image\" alt=\"\" srcset=\"https:\/\/tucsisuti.com\/wp-content\/uploads\/2022\/12\/eskuvoi.jpg 564w, https:\/\/tucsisuti.com\/wp-content\/uploads\/2022\/12\/eskuvoi-200x300.jpg 200w\" sizes=\"auto, (max-width: 564px) 100vw, 564px\" \/>\t\t\t\t<\/a>\n\t\t\t<\/div>\n\t\t\t\t\t\t<div class=\"qodef-e-content\">\n\t\t\t\t<h5 itemprop=\"name\" class=\"qodef-e-title entry-title\">\n\t\t\t\t\t<a itemprop=\"url\" class=\"qodef-e-title-link\" href=\"https:\/\/tucsisuti.com\/index.php\/portfolio-item\/eskuvoi\/\">\n\t\t\t\t\t\tEsk\u00fcv\u0151re\t\t\t\t\t<\/a>\n\t\t\t\t<\/h5>\n\t\t\t\t\t<div class=\"qodef-e qodef-info--category\">\n\t\t<a href=\"https:\/\/tucsisuti.com\/index.php\/portfolio-category\/termekeink\/\" rel=\"tag\">term\u00e9keink<\/a>\t\t<div class=\"qodef-info-separator-end\"><\/div>\n\t<\/div>\n\t\t\t<\/div>\n\t\t<\/div>\n\t<\/div>\n<\/article><article class=\"qodef-e qodef-grid-item swiper-slide\" data-index=\"6312\">\n\t<div class=\"qodef-e-inner\">\n\t\t<div class=\"qodef-e-image\">\n\t\t\t\t\t\t<div class=\"qodef-e-media-image\">\n\t\t\t\t<a itemprop=\"url\" href=\"https:\/\/tucsisuti.com\/index.php\/portfolio-item\/szulinap\/\">\n\t\t\t\t\t<img loading=\"lazy\" decoding=\"async\" width=\"1247\" height=\"2048\" src=\"https:\/\/tucsisuti.com\/wp-content\/uploads\/2021\/02\/33035793_2189800741059967_5498986838276177920_n.jpg\" class=\"attachment-full size-full wp-post-image\" alt=\"\" srcset=\"https:\/\/tucsisuti.com\/wp-content\/uploads\/2021\/02\/33035793_2189800741059967_5498986838276177920_n.jpg 1247w, https:\/\/tucsisuti.com\/wp-content\/uploads\/2021\/02\/33035793_2189800741059967_5498986838276177920_n-183x300.jpg 183w, https:\/\/tucsisuti.com\/wp-content\/uploads\/2021\/02\/33035793_2189800741059967_5498986838276177920_n-624x1024.jpg 624w, https:\/\/tucsisuti.com\/wp-content\/uploads\/2021\/02\/33035793_2189800741059967_5498986838276177920_n-768x1261.jpg 768w, https:\/\/tucsisuti.com\/wp-content\/uploads\/2021\/02\/33035793_2189800741059967_5498986838276177920_n-935x1536.jpg 935w, https:\/\/tucsisuti.com\/wp-content\/uploads\/2021\/02\/33035793_2189800741059967_5498986838276177920_n-600x985.jpg 600w\" sizes=\"auto, (max-width: 1247px) 100vw, 1247px\" \/>\t\t\t\t<\/a>\n\t\t\t<\/div>\n\t\t\t\t\t\t<div class=\"qodef-e-content\">\n\t\t\t\t<h5 itemprop=\"name\" class=\"qodef-e-title entry-title\">\n\t\t\t\t\t<a itemprop=\"url\" class=\"qodef-e-title-link\" href=\"https:\/\/tucsisuti.com\/index.php\/portfolio-item\/szulinap\/\">\n\t\t\t\t\t\tSz\u00fclinap\t\t\t\t\t<\/a>\n\t\t\t\t<\/h5>\n\t\t\t\t\t<div class=\"qodef-e qodef-info--category\">\n\t\t<a href=\"https:\/\/tucsisuti.com\/index.php\/portfolio-category\/termekeink\/\" rel=\"tag\">term\u00e9keink<\/a>\t\t<div class=\"qodef-info-separator-end\"><\/div>\n\t<\/div>\n\t\t\t<\/div>\n\t\t<\/div>\n\t<\/div>\n<\/article><article class=\"qodef-e qodef-grid-item swiper-slide\" data-index=\"6313\">\n\t<div class=\"qodef-e-inner\">\n\t\t<div class=\"qodef-e-image\">\n\t\t\t\t\t\t<div class=\"qodef-e-media-image\">\n\t\t\t\t<a itemprop=\"url\" href=\"https:\/\/tucsisuti.com\/index.php\/portfolio-item\/belgian-choco\/\">\n\t\t\t\t\t<img loading=\"lazy\" decoding=\"async\" width=\"800\" height=\"1110\" src=\"https:\/\/tucsisuti.com\/wp-content\/uploads\/2021\/02\/horizontal-scroll-img-6.jpg\" class=\"attachment-full size-full wp-post-image\" alt=\"d\" srcset=\"https:\/\/tucsisuti.com\/wp-content\/uploads\/2021\/02\/horizontal-scroll-img-6.jpg 800w, https:\/\/tucsisuti.com\/wp-content\/uploads\/2021\/02\/horizontal-scroll-img-6-600x833.jpg 600w, https:\/\/tucsisuti.com\/wp-content\/uploads\/2021\/02\/horizontal-scroll-img-6-216x300.jpg 216w, https:\/\/tucsisuti.com\/wp-content\/uploads\/2021\/02\/horizontal-scroll-img-6-738x1024.jpg 738w, https:\/\/tucsisuti.com\/wp-content\/uploads\/2021\/02\/horizontal-scroll-img-6-768x1066.jpg 768w\" sizes=\"auto, (max-width: 800px) 100vw, 800px\" \/>\t\t\t\t<\/a>\n\t\t\t<\/div>\n\t\t\t\t\t\t<div class=\"qodef-e-content\">\n\t\t\t\t<h5 itemprop=\"name\" class=\"qodef-e-title entry-title\">\n\t\t\t\t\t<a itemprop=\"url\" class=\"qodef-e-title-link\" href=\"https:\/\/tucsisuti.com\/index.php\/portfolio-item\/belgian-choco\/\">\n\t\t\t\t\t\tHCM\t\t\t\t\t<\/a>\n\t\t\t\t<\/h5>\n\t\t\t\t\t<div class=\"qodef-e qodef-info--category\">\n\t\t<a href=\"https:\/\/tucsisuti.com\/index.php\/portfolio-category\/termekeink\/\" rel=\"tag\">term\u00e9keink<\/a>\t\t<div class=\"qodef-info-separator-end\"><\/div>\n\t<\/div>\n\t\t\t<\/div>\n\t\t<\/div>\n\t<\/div>\n<\/article>\t\t<\/div>\n        <div class=\"swiper-button-next\"><\/div>\n        <div class=\"swiper-button-prev\"><\/div>\n\t<\/div>\n\n<\/div>\t\t<\/div>\n\t\t\t\t<\/div>\n\t\t\t\t\t<\/div>\n\t\t<\/div>\n\t\t\t\t\t\t\t<\/div>\n\t\t<\/section>\n\t\t\t\t\t\t\t<\/div>\n\t\t","protected":false},"excerpt":{"rendered":"<p>S\u00fctik term\u00e9keink Pog\u00e1cs\u00e1k term\u00e9keink \u00dcnnepi term\u00e9keink Esk\u00fcv\u0151re term\u00e9keink Sz\u00fclinap term\u00e9keink HCM term\u00e9keink<\/p>\n","protected":false},"author":1,"featured_media":0,"parent":0,"menu_order":0,"comment_status":"closed","ping_status":"closed","template":"page-full-width.php","meta":{"footnotes":""},"class_list":["post-4308","page","type-page","status-publish","hentry"],"_links":{"self":[{"href":"https:\/\/tucsisuti.com\/index.php\/wp-json\/wp\/v2\/pages\/4308","targetHints":{"allow":["GET"]}}],"collection":[{"href":"https:\/\/tucsisuti.com\/index.php\/wp-json\/wp\/v2\/pages"}],"about":[{"href":"https:\/\/tucsisuti.com\/index.php\/wp-json\/wp\/v2\/types\/page"}],"author":[{"embeddable":true,"href":"https:\/\/tucsisuti.com\/index.php\/wp-json\/wp\/v2\/users\/1"}],"replies":[{"embeddable":true,"href":"https:\/\/tucsisuti.com\/index.php\/wp-json\/wp\/v2\/comments?post=4308"}],"version-history":[{"count":10,"href":"https:\/\/tucsisuti.com\/index.php\/wp-json\/wp\/v2\/pages\/4308\/revisions"}],"predecessor-version":[{"id":12517,"href":"https:\/\/tucsisuti.com\/index.php\/wp-json\/wp\/v2\/pages\/4308\/revisions\/12517"}],"wp:attachment":[{"href":"https:\/\/tucsisuti.com\/index.php\/wp-json\/wp\/v2\/media?parent=4308"}],"curies":[{"name":"wp","href":"https:\/\/api.w.org\/{rel}","templated":true}]}}