{"id":4284,"date":"2021-02-09T15:46:31","date_gmt":"2021-02-09T15:46:31","guid":{"rendered":"https:\/\/swissdelight.qodeinteractive.com\/?page_id=4284"},"modified":"2023-01-02T16:05:22","modified_gmt":"2023-01-02T14:05:22","slug":"tortak","status":"publish","type":"page","link":"https:\/\/tucsisuti.com\/index.php\/portfolio\/tortak\/","title":{"rendered":"Tort\u00e1k"},"content":{"rendered":"\t\t<div data-elementor-type=\"wp-page\" data-elementor-id=\"4284\" class=\"elementor elementor-4284\">\n\t\t\t\t\t\t\t\t\t<section class=\"elementor-section elementor-top-section elementor-element elementor-element-e467765 elementor-section-full_width elementor-section-height-default elementor-section-height-default qodef-elementor-content-no\" data-id=\"e467765\" data-element_type=\"section\">\n\t\t\t\t\t\t<div class=\"elementor-container elementor-column-gap-no\">\n\t\t\t\t\t<div class=\"elementor-column elementor-col-100 elementor-top-column elementor-element elementor-element-2a8e47f\" data-id=\"2a8e47f\" data-element_type=\"column\">\n\t\t\t<div class=\"elementor-widget-wrap elementor-element-populated\">\n\t\t\t\t\t\t\t\t<div class=\"elementor-element elementor-element-35be95f elementor-widget elementor-widget-swissdelight_core_portfolio_slider_horizontal\" data-id=\"35be95f\" data-element_type=\"widget\" data-widget_type=\"swissdelight_core_portfolio_slider_horizontal.default\">\n\t\t\t\t<div class=\"elementor-widget-container\">\n\t\t\t<div class=\"qodef-portfolio-slider-horizontal\">\n\t<div class=\"qodef-shortcode qodef-m  qodef-swiper-container qodef-item-layout--info-bottom-left qodef-grid qodef-layout--portfolio-slider-horizontal  qodef-gutter--normal qodef-col-num--3 qodef-item-layout--info-bottom-left qodef-responsive--predefined\" data-options=\"{&quot;slidesPerView&quot;:3,&quot;spaceBetween&quot;:30,&quot;loop&quot;:true,&quot;autoplay&quot;:true,&quot;speed&quot;:&quot;200000&quot;,&quot;speedAnimation&quot;:&quot;900&quot;,&quot;centeredSlides&quot;:true}\">\n\t\t<div class=\"swiper-wrapper\">\n\t\t\t<article class=\"qodef-e qodef-grid-item swiper-slide\" data-index=\"4038\">\n\t<div class=\"qodef-e-inner\">\n\t\t<div class=\"qodef-e-image\">\n\t\t\t\t\t\t<div class=\"qodef-e-media-image\">\n\t\t\t\t<a itemprop=\"url\" href=\"https:\/\/tucsisuti.com\/index.php\/portfolio-item\/choco-truffles\/\">\n\t\t\t\t\t<img loading=\"lazy\" decoding=\"async\" width=\"1638\" height=\"2048\" src=\"https:\/\/tucsisuti.com\/wp-content\/uploads\/2021\/02\/15975140_1515012515205463_3732448367024094591_o.jpg\" class=\"attachment-full size-full wp-post-image\" alt=\"\" srcset=\"https:\/\/tucsisuti.com\/wp-content\/uploads\/2021\/02\/15975140_1515012515205463_3732448367024094591_o.jpg 1638w, https:\/\/tucsisuti.com\/wp-content\/uploads\/2021\/02\/15975140_1515012515205463_3732448367024094591_o-240x300.jpg 240w, https:\/\/tucsisuti.com\/wp-content\/uploads\/2021\/02\/15975140_1515012515205463_3732448367024094591_o-819x1024.jpg 819w, https:\/\/tucsisuti.com\/wp-content\/uploads\/2021\/02\/15975140_1515012515205463_3732448367024094591_o-768x960.jpg 768w, https:\/\/tucsisuti.com\/wp-content\/uploads\/2021\/02\/15975140_1515012515205463_3732448367024094591_o-1229x1536.jpg 1229w, https:\/\/tucsisuti.com\/wp-content\/uploads\/2021\/02\/15975140_1515012515205463_3732448367024094591_o-600x750.jpg 600w\" sizes=\"auto, (max-width: 1638px) 100vw, 1638px\" \/>\t\t\t\t<\/a>\n\t\t\t<\/div>\n\t\t\t\t\t\t<div class=\"qodef-e-content\">\n\t\t\t\t<h5 itemprop=\"name\" class=\"qodef-e-title entry-title\">\n\t\t\t\t\t<a itemprop=\"url\" class=\"qodef-e-title-link\" href=\"https:\/\/tucsisuti.com\/index.php\/portfolio-item\/choco-truffles\/\">\n\t\t\t\t\t\tSz\u00fclinapi tort\u00e1k\t\t\t\t\t<\/a>\n\t\t\t\t<\/h5>\n\t\t\t\t\t<div class=\"qodef-e qodef-info--category\">\n\t\t<a href=\"https:\/\/tucsisuti.com\/index.php\/portfolio-category\/tortak\/\" rel=\"tag\">tort\u00e1k<\/a>\t\t<div class=\"qodef-info-separator-end\"><\/div>\n\t<\/div>\n\t\t\t<\/div>\n\t\t<\/div>\n\t<\/div>\n<\/article><article class=\"qodef-e qodef-grid-item swiper-slide\" data-index=\"4251\">\n\t<div class=\"qodef-e-inner\">\n\t\t<div class=\"qodef-e-image\">\n\t\t\t\t\t\t<div class=\"qodef-e-media-image\">\n\t\t\t\t<a itemprop=\"url\" href=\"https:\/\/tucsisuti.com\/index.php\/portfolio-item\/coffee-bar\/\">\n\t\t\t\t\t<img loading=\"lazy\" decoding=\"async\" width=\"2048\" height=\"1963\" src=\"https:\/\/tucsisuti.com\/wp-content\/uploads\/2022\/12\/312956622_540286478099954_5932757453781553697_n.jpg\" class=\"attachment-full size-full wp-post-image\" alt=\"\" srcset=\"https:\/\/tucsisuti.com\/wp-content\/uploads\/2022\/12\/312956622_540286478099954_5932757453781553697_n.jpg 2048w, https:\/\/tucsisuti.com\/wp-content\/uploads\/2022\/12\/312956622_540286478099954_5932757453781553697_n-300x288.jpg 300w, https:\/\/tucsisuti.com\/wp-content\/uploads\/2022\/12\/312956622_540286478099954_5932757453781553697_n-1024x982.jpg 1024w, https:\/\/tucsisuti.com\/wp-content\/uploads\/2022\/12\/312956622_540286478099954_5932757453781553697_n-768x736.jpg 768w, https:\/\/tucsisuti.com\/wp-content\/uploads\/2022\/12\/312956622_540286478099954_5932757453781553697_n-1536x1472.jpg 1536w, https:\/\/tucsisuti.com\/wp-content\/uploads\/2022\/12\/312956622_540286478099954_5932757453781553697_n-600x575.jpg 600w\" sizes=\"auto, (max-width: 2048px) 100vw, 2048px\" \/>\t\t\t\t<\/a>\n\t\t\t<\/div>\n\t\t\t\t\t\t<div class=\"qodef-e-content\">\n\t\t\t\t<h5 itemprop=\"name\" class=\"qodef-e-title entry-title\">\n\t\t\t\t\t<a itemprop=\"url\" class=\"qodef-e-title-link\" href=\"https:\/\/tucsisuti.com\/index.php\/portfolio-item\/coffee-bar\/\">\n\t\t\t\t\t\t\u00dcnnepi Tort\u00e1k\t\t\t\t\t<\/a>\n\t\t\t\t<\/h5>\n\t\t\t\t\t<div class=\"qodef-e qodef-info--category\">\n\t\t<a href=\"https:\/\/tucsisuti.com\/index.php\/portfolio-category\/tortak\/\" rel=\"tag\">tort\u00e1k<\/a>\t\t<div class=\"qodef-info-separator-end\"><\/div>\n\t<\/div>\n\t\t\t<\/div>\n\t\t<\/div>\n\t<\/div>\n<\/article><article class=\"qodef-e qodef-grid-item swiper-slide\" data-index=\"4252\">\n\t<div class=\"qodef-e-inner\">\n\t\t<div class=\"qodef-e-image\">\n\t\t\t\t\t\t<div class=\"qodef-e-media-image\">\n\t\t\t\t<a itemprop=\"url\" href=\"https:\/\/tucsisuti.com\/index.php\/portfolio-item\/ceges\/\">\n\t\t\t\t\t<img loading=\"lazy\" decoding=\"async\" width=\"1536\" height=\"2048\" src=\"https:\/\/tucsisuti.com\/wp-content\/uploads\/2021\/02\/75037925_3503810926325602_8014524689344888832_n.jpg\" class=\"attachment-full size-full wp-post-image\" alt=\"\" srcset=\"https:\/\/tucsisuti.com\/wp-content\/uploads\/2021\/02\/75037925_3503810926325602_8014524689344888832_n.jpg 1536w, https:\/\/tucsisuti.com\/wp-content\/uploads\/2021\/02\/75037925_3503810926325602_8014524689344888832_n-225x300.jpg 225w, https:\/\/tucsisuti.com\/wp-content\/uploads\/2021\/02\/75037925_3503810926325602_8014524689344888832_n-768x1024.jpg 768w, https:\/\/tucsisuti.com\/wp-content\/uploads\/2021\/02\/75037925_3503810926325602_8014524689344888832_n-1152x1536.jpg 1152w, https:\/\/tucsisuti.com\/wp-content\/uploads\/2021\/02\/75037925_3503810926325602_8014524689344888832_n-600x800.jpg 600w\" sizes=\"auto, (max-width: 1536px) 100vw, 1536px\" \/>\t\t\t\t<\/a>\n\t\t\t<\/div>\n\t\t\t\t\t\t<div class=\"qodef-e-content\">\n\t\t\t\t<h5 itemprop=\"name\" class=\"qodef-e-title entry-title\">\n\t\t\t\t\t<a itemprop=\"url\" class=\"qodef-e-title-link\" href=\"https:\/\/tucsisuti.com\/index.php\/portfolio-item\/ceges\/\">\n\t\t\t\t\t\tC\u00e9ges Tort\u00e1k\t\t\t\t\t<\/a>\n\t\t\t\t<\/h5>\n\t\t\t\t\t<div class=\"qodef-e qodef-info--category\">\n\t\t<a href=\"https:\/\/tucsisuti.com\/index.php\/portfolio-category\/tortak\/\" rel=\"tag\">tort\u00e1k<\/a>\t\t<div class=\"qodef-info-separator-end\"><\/div>\n\t<\/div>\n\t\t\t<\/div>\n\t\t<\/div>\n\t<\/div>\n<\/article><article class=\"qodef-e qodef-grid-item swiper-slide\" data-index=\"4255\">\n\t<div class=\"qodef-e-inner\">\n\t\t<div class=\"qodef-e-image\">\n\t\t\t\t\t\t<div class=\"qodef-e-media-image\">\n\t\t\t\t<a itemprop=\"url\" href=\"https:\/\/tucsisuti.com\/index.php\/portfolio-item\/nuts-fruits\/\">\n\t\t\t\t\t<img loading=\"lazy\" decoding=\"async\" width=\"564\" height=\"846\" src=\"https:\/\/tucsisuti.com\/wp-content\/uploads\/2022\/12\/eskuvoi.jpg\" class=\"attachment-full size-full wp-post-image\" alt=\"\" srcset=\"https:\/\/tucsisuti.com\/wp-content\/uploads\/2022\/12\/eskuvoi.jpg 564w, https:\/\/tucsisuti.com\/wp-content\/uploads\/2022\/12\/eskuvoi-200x300.jpg 200w\" sizes=\"auto, (max-width: 564px) 100vw, 564px\" \/>\t\t\t\t<\/a>\n\t\t\t<\/div>\n\t\t\t\t\t\t<div class=\"qodef-e-content\">\n\t\t\t\t<h5 itemprop=\"name\" class=\"qodef-e-title entry-title\">\n\t\t\t\t\t<a itemprop=\"url\" class=\"qodef-e-title-link\" href=\"https:\/\/tucsisuti.com\/index.php\/portfolio-item\/nuts-fruits\/\">\n\t\t\t\t\t\tEsk\u00fcv\u0151i Tort\u00e1k\t\t\t\t\t<\/a>\n\t\t\t\t<\/h5>\n\t\t\t\t\t<div class=\"qodef-e qodef-info--category\">\n\t\t<a href=\"https:\/\/tucsisuti.com\/index.php\/portfolio-category\/tortak\/\" rel=\"tag\">tort\u00e1k<\/a>\t\t<div class=\"qodef-info-separator-end\"><\/div>\n\t<\/div>\n\t\t\t<\/div>\n\t\t<\/div>\n\t<\/div>\n<\/article>\t\t<\/div>\n        <div class=\"swiper-button-next\"><\/div>\n        <div class=\"swiper-button-prev\"><\/div>\n\t<\/div>\n\n<\/div>\t\t<\/div>\n\t\t\t\t<\/div>\n\t\t\t\t\t<\/div>\n\t\t<\/div>\n\t\t\t\t\t\t\t<\/div>\n\t\t<\/section>\n\t\t\t\t\t\t\t<\/div>\n\t\t","protected":false},"excerpt":{"rendered":"<p>No posts were found for provided query parameters.<\/p>\n","protected":false},"author":1,"featured_media":0,"parent":3996,"menu_order":0,"comment_status":"closed","ping_status":"closed","template":"page-full-width.php","meta":{"footnotes":""},"class_list":["post-4284","page","type-page","status-publish","hentry"],"_links":{"self":[{"href":"https:\/\/tucsisuti.com\/index.php\/wp-json\/wp\/v2\/pages\/4284","targetHints":{"allow":["GET"]}}],"collection":[{"href":"https:\/\/tucsisuti.com\/index.php\/wp-json\/wp\/v2\/pages"}],"about":[{"href":"https:\/\/tucsisuti.com\/index.php\/wp-json\/wp\/v2\/types\/page"}],"author":[{"embeddable":true,"href":"https:\/\/tucsisuti.com\/index.php\/wp-json\/wp\/v2\/users\/1"}],"replies":[{"embeddable":true,"href":"https:\/\/tucsisuti.com\/index.php\/wp-json\/wp\/v2\/comments?post=4284"}],"version-history":[{"count":4,"href":"https:\/\/tucsisuti.com\/index.php\/wp-json\/wp\/v2\/pages\/4284\/revisions"}],"predecessor-version":[{"id":12705,"href":"https:\/\/tucsisuti.com\/index.php\/wp-json\/wp\/v2\/pages\/4284\/revisions\/12705"}],"up":[{"embeddable":true,"href":"https:\/\/tucsisuti.com\/index.php\/wp-json\/wp\/v2\/pages\/3996"}],"wp:attachment":[{"href":"https:\/\/tucsisuti.com\/index.php\/wp-json\/wp\/v2\/media?parent=4284"}],"curies":[{"name":"wp","href":"https:\/\/api.w.org\/{rel}","templated":true}]}}